{"id":2,"date":"2023-10-31T12:38:15","date_gmt":"2023-10-31T12:38:15","guid":{"rendered":"https:\/\/motowypadek.pl\/?page_id=2"},"modified":"2024-01-11T11:12:41","modified_gmt":"2024-01-11T11:12:41","slug":"sample-page","status":"publish","type":"page","link":"https:\/\/motowypadek.pl\/","title":{"rendered":"Strona g\u0142\u00f3wna"},"content":{"rendered":"\r\n<h1 style=\"text-align: center;\"><strong>W Y P A D E K<\/strong><\/h1>\r\n<h2 style=\"text-align: center;\">drogowy \u00a0\u00a0\u00a0 w rolnictwie\u00a0 \u00a0\u00a0 w pracy<\/h2>\r\n<p style=\"text-align: center;\">\u00a0<\/p>\r\n<h5 style=\"text-align: center;\">poszkodowany, \u00a0sprawca, \u00a0urazy, \u00a0\u015bmier\u0107<\/h5>\r\n<h5 style=\"text-align: center;\">pieszy, \u00a0rowerzysta, \u00a0motocyklista<\/h5>\r\n<h5 style=\"text-align: center;\">kierowca, \u00a0pasa\u017cerowie, \u00a0\u015bwiadkowie, \u00a0dowody<\/h5>\r\n<h5 style=\"text-align: center;\">poszkodowany staje si\u0119 sprawc\u0105<\/h5>\r\n<h5 style=\"text-align: center;\">\u00a0<\/h5>\r\n<h5 style=\"text-align: center;\">\u00a0<\/h5>\r\n<h5 style=\"text-align: center;\">mo\u017ce pomo\u017cemy, wst\u0119pna weryfikacja sprawy 700 z\u0142<\/h5>\r\n<h5 style=\"text-align: center;\">dojazd lub zdalnie 500\u00a0295\u00a0222 (\u015bl\u0105sk, ma\u0142opolska)<\/h5>\r\n","protected":false},"excerpt":{"rendered":"<p>W Y P A D E K drogowy \u00a0\u00a0\u00a0 w rolnictwie\u00a0 \u00a0\u00a0 w pracy \u00a0 poszkodowany, \u00a0sprawca, \u00a0urazy, \u00a0\u015bmier\u0107 pieszy, \u00a0rowerzysta, \u00a0motocyklista kierowca, \u00a0pasa\u017cerowie, \u00a0\u015bwiadkowie, \u00a0dowody poszkodowany staje si\u0119 sprawc\u0105 \u00a0 \u00a0 mo\u017ce pomo\u017cemy, wst\u0119pna weryfikacja sprawy 700 z\u0142 dojazd lub zdalnie 500\u00a0295\u00a0222 (\u015bl\u0105sk, ma\u0142opolska)<\/p>\n","protected":false},"author":1,"featured_media":0,"parent":0,"menu_order":0,"comment_status":"closed","ping_status":"open","template":"","meta":{"footnotes":""},"class_list":["post-2","page","type-page","status-publish","czr-hentry"],"_links":{"self":[{"href":"https:\/\/motowypadek.pl\/index.php\/wp-json\/wp\/v2\/pages\/2","targetHints":{"allow":["GET"]}}],"collection":[{"href":"https:\/\/motowypadek.pl\/index.php\/wp-json\/wp\/v2\/pages"}],"about":[{"href":"https:\/\/motowypadek.pl\/index.php\/wp-json\/wp\/v2\/types\/page"}],"author":[{"embeddable":true,"href":"https:\/\/motowypadek.pl\/index.php\/wp-json\/wp\/v2\/users\/1"}],"replies":[{"embeddable":true,"href":"https:\/\/motowypadek.pl\/index.php\/wp-json\/wp\/v2\/comments?post=2"}],"version-history":[{"count":6,"href":"https:\/\/motowypadek.pl\/index.php\/wp-json\/wp\/v2\/pages\/2\/revisions"}],"predecessor-version":[{"id":31,"href":"https:\/\/motowypadek.pl\/index.php\/wp-json\/wp\/v2\/pages\/2\/revisions\/31"}],"wp:attachment":[{"href":"https:\/\/motowypadek.pl\/index.php\/wp-json\/wp\/v2\/media?parent=2"}],"curies":[{"name":"wp","href":"https:\/\/api.w.org\/{rel}","templated":true}]}}